{"id":23,"date":"2025-03-10T17:19:26","date_gmt":"2025-03-10T22:19:26","guid":{"rendered":"https:\/\/mgseafood.com\/?page_id=23"},"modified":"2025-04-04T15:16:43","modified_gmt":"2025-04-04T20:16:43","slug":"contacto","status":"publish","type":"page","link":"https:\/\/mgseafood.com\/en\/contacto\/","title":{"rendered":"Contact"},"content":{"rendered":"<div data-elementor-type=\"wp-page\" data-elementor-id=\"23\" class=\"elementor elementor-23\" data-elementor-post-type=\"page\">\n\t\t\t\t<div class=\"elementor-element elementor-element-4683f51 e-con-full e-flex e-con e-parent\" data-id=\"4683f51\" data-element_type=\"container\">\n\t\t<div class=\"elementor-element elementor-element-42ba5503 e-con-full e-flex e-con e-child\" data-id=\"42ba5503\" data-element_type=\"container\">\n\t\t\t\t<div class=\"elementor-element elementor-element-12d324a8 elementor-widget elementor-widget-heading\" data-id=\"12d324a8\" data-element_type=\"widget\" data-widget_type=\"heading.default\">\n\t\t\t\t<div class=\"elementor-widget-container\">\n\t\t\t\t\t<h1 class=\"elementor-heading-title elementor-size-default\">Contact<\/h1>\t\t\t\t<\/div>\n\t\t\t\t<\/div>\n\t\t\t\t<div class=\"elementor-element elementor-element-b4a66e9 elementor-widget elementor-widget-text-editor\" data-id=\"b4a66e9\" data-element_type=\"widget\" data-widget_type=\"text-editor.default\">\n\t\t\t\t<div class=\"elementor-widget-container\">\n\t\t\t\t\t\t\t\t\t<p>At <strong data-start=\"238\" data-end=\"254\">M&amp;G SEAFOOD<\/strong>, we are ready to assist you and provide solutions tailored to your needs. If you want more information about our products, quotes, or business partnerships, don\u2019t hesitate to contact us!<\/p>\t\t\t\t\t\t\t\t<\/div>\n\t\t\t\t<\/div>\n\t\t\t\t<\/div>\n\t\t<div class=\"elementor-element elementor-element-66691f61 e-con-full e-flex e-con e-child\" data-id=\"66691f61\" data-element_type=\"container\">\n\t\t\t\t<div class=\"elementor-element elementor-element-4afad997 elementor-widget elementor-widget-image\" data-id=\"4afad997\" data-element_type=\"widget\" data-widget_type=\"image.default\">\n\t\t\t\t<div class=\"elementor-widget-container\">\n\t\t\t\t\t\t\t\t\t\t\t\t\t\t\t<img fetchpriority=\"high\" decoding=\"async\" width=\"800\" height=\"352\" src=\"https:\/\/mgseafood.com\/wp-content\/uploads\/2025\/03\/MG-Sea-Food-Comercializacion-Internacional-de-Alimentos-1024x451.webp\" class=\"attachment-large size-large wp-image-220\" alt=\"M&amp;G Sea Food Comercializaci\u00f3n Internacional de Alimentos\" srcset=\"https:\/\/mgseafood.com\/wp-content\/uploads\/2025\/03\/MG-Sea-Food-Comercializacion-Internacional-de-Alimentos-1024x451.webp 1024w, https:\/\/mgseafood.com\/wp-content\/uploads\/2025\/03\/MG-Sea-Food-Comercializacion-Internacional-de-Alimentos-300x132.webp 300w, https:\/\/mgseafood.com\/wp-content\/uploads\/2025\/03\/MG-Sea-Food-Comercializacion-Internacional-de-Alimentos-768x338.webp 768w, https:\/\/mgseafood.com\/wp-content\/uploads\/2025\/03\/MG-Sea-Food-Comercializacion-Internacional-de-Alimentos-1536x676.webp 1536w, https:\/\/mgseafood.com\/wp-content\/uploads\/2025\/03\/MG-Sea-Food-Comercializacion-Internacional-de-Alimentos.webp 1920w\" sizes=\"(max-width: 800px) 100vw, 800px\" \/>\t\t\t\t\t\t\t\t\t\t\t\t\t\t\t<\/div>\n\t\t\t\t<\/div>\n\t\t\t\t<\/div>\n\t\t\t\t<\/div>\n\t\t<div class=\"elementor-element elementor-element-4d752b6f e-con-full e-flex e-con e-parent\" data-id=\"4d752b6f\" data-element_type=\"container\" data-settings=\"{&quot;background_background&quot;:&quot;classic&quot;}\">\n\t\t<div class=\"elementor-element elementor-element-69f274ad e-con-full e-flex e-con e-child\" data-id=\"69f274ad\" data-element_type=\"container\">\n\t\t\t\t<div class=\"elementor-element elementor-element-36f05fb4 elementor-widget elementor-widget-image\" data-id=\"36f05fb4\" data-element_type=\"widget\" data-widget_type=\"image.default\">\n\t\t\t\t<div class=\"elementor-widget-container\">\n\t\t\t\t\t\t\t\t\t\t\t\t\t\t\t<img decoding=\"async\" width=\"800\" height=\"352\" src=\"https:\/\/mgseafood.com\/wp-content\/uploads\/2025\/03\/MG-Sea-Food-Comercializacion-Internacional-de-Alimentos-4-1024x451.webp\" class=\"attachment-large size-large wp-image-219\" alt=\"M&amp;G Sea Food Comercializaci\u00f3n Internacional de Alimentos (4)\" srcset=\"https:\/\/mgseafood.com\/wp-content\/uploads\/2025\/03\/MG-Sea-Food-Comercializacion-Internacional-de-Alimentos-4-1024x451.webp 1024w, https:\/\/mgseafood.com\/wp-content\/uploads\/2025\/03\/MG-Sea-Food-Comercializacion-Internacional-de-Alimentos-4-300x132.webp 300w, https:\/\/mgseafood.com\/wp-content\/uploads\/2025\/03\/MG-Sea-Food-Comercializacion-Internacional-de-Alimentos-4-768x338.webp 768w, https:\/\/mgseafood.com\/wp-content\/uploads\/2025\/03\/MG-Sea-Food-Comercializacion-Internacional-de-Alimentos-4-1536x676.webp 1536w, https:\/\/mgseafood.com\/wp-content\/uploads\/2025\/03\/MG-Sea-Food-Comercializacion-Internacional-de-Alimentos-4.webp 1920w\" sizes=\"(max-width: 800px) 100vw, 800px\" \/>\t\t\t\t\t\t\t\t\t\t\t\t\t\t\t<\/div>\n\t\t\t\t<\/div>\n\t\t\t\t<\/div>\n\t\t<div class=\"elementor-element elementor-element-7af63199 e-con-full e-flex e-con e-child\" data-id=\"7af63199\" data-element_type=\"container\">\n\t\t\t\t<div class=\"elementor-element elementor-element-78b0912a elementor-align-left elementor-icon-list--layout-traditional elementor-list-item-link-full_width elementor-widget elementor-widget-icon-list\" data-id=\"78b0912a\" data-element_type=\"widget\" data-widget_type=\"icon-list.default\">\n\t\t\t\t<div class=\"elementor-widget-container\">\n\t\t\t\t\t\t\t<ul class=\"elementor-icon-list-items\">\n\t\t\t\t\t\t\t<li class=\"elementor-icon-list-item\">\n\t\t\t\t\t\t\t\t\t\t<span class=\"elementor-icon-list-text\"><b>Address:<\/b> 600 CLEVELAND ST STE 393 CLEARWATER FL 33755<\/span>\n\t\t\t\t\t\t\t\t\t<\/li>\n\t\t\t\t\t\t\t\t<li class=\"elementor-icon-list-item\">\n\t\t\t\t\t\t\t\t\t\t<span class=\"elementor-icon-list-text\"><b>Hours:<\/b> Mon-Fri 8:00AM - 5:00PM (Hora en Miami, Florida, EE. UU.)<\/span>\n\t\t\t\t\t\t\t\t\t<\/li>\n\t\t\t\t\t\t\t\t<li class=\"elementor-icon-list-item\">\n\t\t\t\t\t\t\t\t\t\t<span class=\"elementor-icon-list-text\"><b>Phone:<\/b> +1 305 399 0854<\/span>\n\t\t\t\t\t\t\t\t\t<\/li>\n\t\t\t\t\t\t\t\t<li class=\"elementor-icon-list-item\">\n\t\t\t\t\t\t\t\t\t\t<span class=\"elementor-icon-list-text\"><b>Email:<\/b> sales@mgseafood.com<\/span>\n\t\t\t\t\t\t\t\t\t<\/li>\n\t\t\t\t\t\t<\/ul>\n\t\t\t\t\t\t<\/div>\n\t\t\t\t<\/div>\n\t\t\t\t<\/div>\n\t\t\t\t<\/div>\n\t\t<div class=\"elementor-element elementor-element-66f93927 e-con-full e-flex e-con e-parent\" data-id=\"66f93927\" data-element_type=\"container\" data-settings=\"{&quot;background_background&quot;:&quot;classic&quot;}\">\n\t\t<div class=\"elementor-element elementor-element-6a778198 e-con-full e-flex e-con e-child\" data-id=\"6a778198\" data-element_type=\"container\">\n\t\t<div class=\"elementor-element elementor-element-179bed8c e-con-full e-flex e-con e-child\" data-id=\"179bed8c\" data-element_type=\"container\">\n\t\t\t\t<div class=\"elementor-element elementor-element-29cd844f elementor-widget elementor-widget-heading\" data-id=\"29cd844f\" data-element_type=\"widget\" data-widget_type=\"heading.default\">\n\t\t\t\t<div class=\"elementor-widget-container\">\n\t\t\t\t\t<h2 class=\"elementor-heading-title elementor-size-default\">Request a Quote<\/h2>\t\t\t\t<\/div>\n\t\t\t\t<\/div>\n\t\t\t\t<div class=\"elementor-element elementor-element-72e837a1 elementor-button-align-start elementor-tablet-button-align-stretch elementor-widget elementor-widget-form\" data-id=\"72e837a1\" data-element_type=\"widget\" data-settings=\"{&quot;button_width_tablet&quot;:&quot;100&quot;,&quot;step_next_label&quot;:&quot;Next&quot;,&quot;step_previous_label&quot;:&quot;Previous&quot;,&quot;button_width&quot;:&quot;100&quot;,&quot;step_type&quot;:&quot;number_text&quot;,&quot;step_icon_shape&quot;:&quot;circle&quot;}\" data-widget_type=\"form.default\">\n\t\t\t\t<div class=\"elementor-widget-container\">\n\t\t\t\t\t\t\t<form class=\"elementor-form\" method=\"post\" name=\"Contact Us\" aria-label=\"Contact Us\" action=\"\">\n\t\t\t<input type=\"hidden\" name=\"post_id\" value=\"23\"\/>\n\t\t\t<input type=\"hidden\" name=\"form_id\" value=\"72e837a1\"\/>\n\t\t\t<input type=\"hidden\" name=\"referer_title\" value=\"M&amp;G SEAFOOD | Comercializaci\u00f3n Internacional de Alimentos\" \/>\n\n\t\t\t\n\t\t\t<div class=\"elementor-form-fields-wrapper elementor-labels-\">\n\t\t\t\t\t\t\t\t<div class=\"elementor-field-type-text elementor-field-group elementor-column elementor-field-group-name elementor-col-100 elementor-md-50 elementor-field-required\">\n\t\t\t\t\t\t\t\t\t\t\t\t<label for=\"form-field-name\" class=\"elementor-field-label elementor-screen-only\">\n\t\t\t\t\t\t\t\tFirst and Last Name\t\t\t\t\t\t\t<\/label>\n\t\t\t\t\t\t\t\t\t\t\t\t\t\t<input size=\"1\" type=\"text\" name=\"form_fields[name]\" id=\"form-field-name\" class=\"elementor-field elementor-size-sm  elementor-field-textual\" placeholder=\"First and Last Name\" required=\"required\">\n\t\t\t\t\t\t\t\t\t\t\t<\/div>\n\t\t\t\t\t\t\t\t<div class=\"elementor-field-type-text elementor-field-group elementor-column elementor-field-group-field_f4be1e4 elementor-col-100 elementor-field-required\">\n\t\t\t\t\t\t\t\t\t\t\t\t<label for=\"form-field-field_f4be1e4\" class=\"elementor-field-label elementor-screen-only\">\n\t\t\t\t\t\t\t\tCompany Name\t\t\t\t\t\t\t<\/label>\n\t\t\t\t\t\t\t\t\t\t\t\t\t\t<input size=\"1\" type=\"text\" name=\"form_fields[field_f4be1e4]\" id=\"form-field-field_f4be1e4\" class=\"elementor-field elementor-size-sm  elementor-field-textual\" placeholder=\"Company Name\" required=\"required\">\n\t\t\t\t\t\t\t\t\t\t\t<\/div>\n\t\t\t\t\t\t\t\t<div class=\"elementor-field-type-radio elementor-field-group elementor-column elementor-field-group-field_568b5ba elementor-col-100 elementor-field-required\">\n\t\t\t\t\t\t\t\t\t\t\t\t<label for=\"form-field-field_568b5ba\" class=\"elementor-field-label elementor-screen-only\">\n\t\t\t\t\t\t\t\tPa\u00eds de Operaci\u00f3n\t\t\t\t\t\t\t<\/label>\n\t\t\t\t\t\t<div class=\"elementor-field-subgroup  elementor-subgroup-inline\"><span class=\"elementor-field-option\"><input type=\"radio\" value=\"Colombia\" id=\"form-field-field_568b5ba-0\" name=\"form_fields[field_568b5ba]\" required=\"required\"> <label for=\"form-field-field_568b5ba-0\">Colombia<\/label><\/span><span class=\"elementor-field-option\"><input type=\"radio\" value=\"Panam\u00e1\" id=\"form-field-field_568b5ba-1\" name=\"form_fields[field_568b5ba]\" required=\"required\"> <label for=\"form-field-field_568b5ba-1\">Panama<\/label><\/span><span class=\"elementor-field-option\"><input type=\"radio\" value=\"EE.UU.\" id=\"form-field-field_568b5ba-2\" name=\"form_fields[field_568b5ba]\" required=\"required\"> <label for=\"form-field-field_568b5ba-2\">EE.UU.<\/label><\/span><span class=\"elementor-field-option\"><input type=\"radio\" value=\"Ecuador\" id=\"form-field-field_568b5ba-3\" name=\"form_fields[field_568b5ba]\" required=\"required\"> <label for=\"form-field-field_568b5ba-3\">Ecuador<\/label><\/span><span class=\"elementor-field-option\"><input type=\"radio\" value=\"M\u00e9xico\" id=\"form-field-field_568b5ba-4\" name=\"form_fields[field_568b5ba]\" required=\"required\"> <label for=\"form-field-field_568b5ba-4\">Mexico<\/label><\/span><\/div>\t\t\t\t<\/div>\n\t\t\t\t\t\t\t\t<div class=\"elementor-field-type-tel elementor-field-group elementor-column elementor-field-group-field_719ed13 elementor-col-100 elementor-md-50 elementor-field-required\">\n\t\t\t\t\t\t\t\t\t\t\t\t<label for=\"form-field-field_719ed13\" class=\"elementor-field-label elementor-screen-only\">\n\t\t\t\t\t\t\t\tTel\u00e9fono\t\t\t\t\t\t\t<\/label>\n\t\t\t\t\t\t\t\t<input size=\"1\" type=\"tel\" name=\"form_fields[field_719ed13]\" id=\"form-field-field_719ed13\" class=\"elementor-field elementor-size-sm  elementor-field-textual\" placeholder=\"Tel\u00e9fono\" required=\"required\" pattern=\"[0-9()#&amp;+*-=.]+\" title=\"Only numbers and phone characters (#, -, *, etc) are accepted.\">\n\n\t\t\t\t\t\t<\/div>\n\t\t\t\t\t\t\t\t<div class=\"elementor-field-type-email elementor-field-group elementor-column elementor-field-group-email elementor-col-100 elementor-md-100 elementor-field-required\">\n\t\t\t\t\t\t\t\t\t\t\t\t<label for=\"form-field-email\" class=\"elementor-field-label elementor-screen-only\">\n\t\t\t\t\t\t\t\tEmail Address\t\t\t\t\t\t\t<\/label>\n\t\t\t\t\t\t\t\t\t\t\t\t\t\t<input size=\"1\" type=\"email\" name=\"form_fields[email]\" id=\"form-field-email\" class=\"elementor-field elementor-size-sm  elementor-field-textual\" placeholder=\"Email Address\" required=\"required\">\n\t\t\t\t\t\t\t\t\t\t\t<\/div>\n\t\t\t\t\t\t\t\t<div class=\"elementor-field-type-textarea elementor-field-group elementor-column elementor-field-group-field_eca6785 elementor-col-100\">\n\t\t\t\t\t\t\t\t\t\t\t\t<label for=\"form-field-field_eca6785\" class=\"elementor-field-label elementor-screen-only\">\n\t\t\t\t\t\t\t\tMensaje \/ Consulta\t\t\t\t\t\t\t<\/label>\n\t\t\t\t\t\t<textarea class=\"elementor-field-textual elementor-field  elementor-size-sm\" name=\"form_fields[field_eca6785]\" id=\"form-field-field_eca6785\" rows=\"4\" placeholder=\"Message \/ Inquiry \/ Quote Request\"><\/textarea>\t\t\t\t<\/div>\n\t\t\t\t\t\t\t\t<div class=\"elementor-field-group elementor-column elementor-field-type-submit elementor-col-100 e-form__buttons elementor-md-100\">\n\t\t\t\t\t<button class=\"elementor-button elementor-size-sm elementor-animation-shrink\" type=\"submit\">\n\t\t\t\t\t\t<span class=\"elementor-button-content-wrapper\">\n\t\t\t\t\t\t\t\t\t\t\t\t\t\t\t\t\t\t\t\t\t\t<span class=\"elementor-button-text\">Send<\/span>\n\t\t\t\t\t\t\t\t\t\t\t\t\t<\/span>\n\t\t\t\t\t<\/button>\n\t\t\t\t<\/div>\n\t\t\t<\/div>\n\t\t<input type=\"hidden\" name=\"trp-form-language\" value=\"en\"\/><\/form>\n\t\t\t\t\t\t<\/div>\n\t\t\t\t<\/div>\n\t\t\t\t<\/div>\n\t\t\t\t<div class=\"elementor-element elementor-element-7aa5a4a5 elementor-widget elementor-widget-image\" data-id=\"7aa5a4a5\" data-element_type=\"widget\" data-widget_type=\"image.default\">\n\t\t\t\t<div class=\"elementor-widget-container\">\n\t\t\t\t\t\t\t\t\t\t\t\t\t\t\t<img decoding=\"async\" width=\"800\" height=\"800\" src=\"https:\/\/mgseafood.com\/wp-content\/uploads\/2025\/03\/Nuestros-Productos-Calidad-y-Frescura-Garantizada.webp\" class=\"attachment-large size-large wp-image-389\" alt=\"Nuestros Productos: Calidad y Frescura Garantizada\" srcset=\"https:\/\/mgseafood.com\/wp-content\/uploads\/2025\/03\/Nuestros-Productos-Calidad-y-Frescura-Garantizada.webp 1024w, https:\/\/mgseafood.com\/wp-content\/uploads\/2025\/03\/Nuestros-Productos-Calidad-y-Frescura-Garantizada-300x300.webp 300w, https:\/\/mgseafood.com\/wp-content\/uploads\/2025\/03\/Nuestros-Productos-Calidad-y-Frescura-Garantizada-150x150.webp 150w, https:\/\/mgseafood.com\/wp-content\/uploads\/2025\/03\/Nuestros-Productos-Calidad-y-Frescura-Garantizada-768x768.webp 768w\" sizes=\"(max-width: 800px) 100vw, 800px\" \/>\t\t\t\t\t\t\t\t\t\t\t\t\t\t\t<\/div>\n\t\t\t\t<\/div>\n\t\t\t\t<\/div>\n\t\t\t\t<\/div>\n\t\t\t\t<\/div>","protected":false},"excerpt":{"rendered":"<p>En M&#038;G Sea Food, estamos listos para atenderte y ofrecerte soluciones adaptadas a tus necesidades. Si deseas m\u00e1s informaci\u00f3n sobre nuestros productos, cotizaciones o alianzas comerciales, \u00a1no dudes en escribirnos!<\/p>","protected":false},"author":1,"featured_media":219,"parent":0,"menu_order":0,"comment_status":"closed","ping_status":"closed","template":"","meta":{"footnotes":""},"class_list":["post-23","page","type-page","status-publish","has-post-thumbnail","hentry"],"yoast_head":"<!-- This site is optimized with the Yoast SEO plugin v25.7 - https:\/\/yoast.com\/wordpress\/plugins\/seo\/ -->\n<title>Contacto - M&amp;G SEAFOOD | Comercializaci\u00f3n Internacional de Alimentos<\/title>\n<meta name=\"description\" content=\"Contacto M&amp;G Sea Food, estamos listos para atenderte y ofrecerte soluciones adaptadas a tus necesidades. . Si deseas m\u00e1s informaci\u00f3n sobre...\" \/>\n<meta name=\"robots\" content=\"index, follow, max-snippet:-1, max-image-preview:large, max-video-preview:-1\" \/>\n<link rel=\"canonical\" href=\"https:\/\/www.mgseafood.com\/en\/contacto\/\" \/>\n<meta property=\"og:locale\" content=\"en_US\" \/>\n<meta property=\"og:type\" content=\"article\" \/>\n<meta property=\"og:title\" content=\"Contacto - M&amp;G SEAFOOD | Comercializaci\u00f3n Internacional de Alimentos\" \/>\n<meta property=\"og:description\" content=\"Contacto M&amp;G Sea Food, estamos listos para atenderte y ofrecerte soluciones adaptadas a tus necesidades. . Si deseas m\u00e1s informaci\u00f3n sobre...\" \/>\n<meta property=\"og:url\" content=\"https:\/\/www.mgseafood.com\/en\/contacto\/\" \/>\n<meta property=\"og:site_name\" content=\"M&amp;G SEAFOOD | Comercializaci\u00f3n Internacional de Alimentos\" \/>\n<meta property=\"article:modified_time\" content=\"2025-04-04T20:16:43+00:00\" \/>\n<meta property=\"og:image\" content=\"https:\/\/www.mgseafood.com\/wp-content\/uploads\/2025\/03\/MG-Sea-Food-Comercializacion-Internacional-de-Alimentos-4.webp\" \/>\n\t<meta property=\"og:image:width\" content=\"1920\" \/>\n\t<meta property=\"og:image:height\" content=\"845\" \/>\n\t<meta property=\"og:image:type\" content=\"image\/webp\" \/>\n<meta name=\"twitter:card\" content=\"summary_large_image\" \/>\n<meta name=\"twitter:label1\" content=\"Est. reading time\" \/>\n\t<meta name=\"twitter:data1\" content=\"1 minute\" \/>\n<script type=\"application\/ld+json\" class=\"yoast-schema-graph\">{\"@context\":\"https:\/\/schema.org\",\"@graph\":[{\"@type\":\"WebPage\",\"@id\":\"https:\/\/www.mgseafood.com\/en\/contacto\/\",\"url\":\"https:\/\/www.mgseafood.com\/en\/contacto\/\",\"name\":\"Contacto - M&amp;G SEAFOOD | Comercializaci\u00f3n Internacional de Alimentos\",\"isPartOf\":{\"@id\":\"https:\/\/mgseafood.com\/#website\"},\"primaryImageOfPage\":{\"@id\":\"https:\/\/www.mgseafood.com\/en\/contacto\/#primaryimage\"},\"image\":{\"@id\":\"https:\/\/www.mgseafood.com\/en\/contacto\/#primaryimage\"},\"thumbnailUrl\":\"https:\/\/mgseafood.com\/wp-content\/uploads\/2025\/03\/MG-Sea-Food-Comercializacion-Internacional-de-Alimentos-4.webp\",\"datePublished\":\"2025-03-10T22:19:26+00:00\",\"dateModified\":\"2025-04-04T20:16:43+00:00\",\"description\":\"Contacto M&G Sea Food, estamos listos para atenderte y ofrecerte soluciones adaptadas a tus necesidades. . Si deseas m\u00e1s informaci\u00f3n sobre...\",\"breadcrumb\":{\"@id\":\"https:\/\/www.mgseafood.com\/en\/contacto\/#breadcrumb\"},\"inLanguage\":\"en-US\",\"potentialAction\":[{\"@type\":\"ReadAction\",\"target\":[\"https:\/\/www.mgseafood.com\/en\/contacto\/\"]}]},{\"@type\":\"ImageObject\",\"inLanguage\":\"en-US\",\"@id\":\"https:\/\/www.mgseafood.com\/en\/contacto\/#primaryimage\",\"url\":\"https:\/\/mgseafood.com\/wp-content\/uploads\/2025\/03\/MG-Sea-Food-Comercializacion-Internacional-de-Alimentos-4.webp\",\"contentUrl\":\"https:\/\/mgseafood.com\/wp-content\/uploads\/2025\/03\/MG-Sea-Food-Comercializacion-Internacional-de-Alimentos-4.webp\",\"width\":1920,\"height\":845,\"caption\":\"M&G Sea Food Comercializaci\u00f3n Internacional de Alimentos (4)\"},{\"@type\":\"BreadcrumbList\",\"@id\":\"https:\/\/www.mgseafood.com\/en\/contacto\/#breadcrumb\",\"itemListElement\":[{\"@type\":\"ListItem\",\"position\":1,\"name\":\"Inicio\",\"item\":\"https:\/\/mgseafood.com\/\"},{\"@type\":\"ListItem\",\"position\":2,\"name\":\"Contacto\"}]},{\"@type\":\"WebSite\",\"@id\":\"https:\/\/mgseafood.com\/#website\",\"url\":\"https:\/\/mgseafood.com\/\",\"name\":\"M&amp;G SEAFOOD | Comercializaci\u00f3n Internacional de Alimentos\",\"description\":\"M&amp;G SEAFOOD comercializa camar\u00f3n, tilapia, basa y m\u00e1s, con altos est\u00e1ndares de calidad y distribuci\u00f3n en Colombia, Panam\u00e1, EE.UU., Ecuador y M\u00e9xico.\",\"publisher\":{\"@id\":\"https:\/\/mgseafood.com\/#organization\"},\"potentialAction\":[{\"@type\":\"SearchAction\",\"target\":{\"@type\":\"EntryPoint\",\"urlTemplate\":\"https:\/\/mgseafood.com\/?s={search_term_string}\"},\"query-input\":{\"@type\":\"PropertyValueSpecification\",\"valueRequired\":true,\"valueName\":\"search_term_string\"}}],\"inLanguage\":\"en-US\"},{\"@type\":\"Organization\",\"@id\":\"https:\/\/mgseafood.com\/#organization\",\"name\":\"M&G SEA FOOD\",\"url\":\"https:\/\/mgseafood.com\/\",\"logo\":{\"@type\":\"ImageObject\",\"inLanguage\":\"en-US\",\"@id\":\"https:\/\/mgseafood.com\/#\/schema\/logo\/image\/\",\"url\":\"https:\/\/mgseafood.com\/wp-content\/uploads\/2025\/03\/mg-sea-food-logo.webp\",\"contentUrl\":\"https:\/\/mgseafood.com\/wp-content\/uploads\/2025\/03\/mg-sea-food-logo.webp\",\"width\":350,\"height\":100,\"caption\":\"M&G SEA FOOD\"},\"image\":{\"@id\":\"https:\/\/mgseafood.com\/#\/schema\/logo\/image\/\"}}]}<\/script>\n<!-- \/ Yoast SEO plugin. -->","yoast_head_json":{"title":"Contacto - M&amp;G SEAFOOD | Comercializaci\u00f3n Internacional de Alimentos","description":"Contacto M&G Sea Food, estamos listos para atenderte y ofrecerte soluciones adaptadas a tus necesidades. . Si deseas m\u00e1s informaci\u00f3n sobre...","robots":{"index":"index","follow":"follow","max-snippet":"max-snippet:-1","max-image-preview":"max-image-preview:large","max-video-preview":"max-video-preview:-1"},"canonical":"https:\/\/www.mgseafood.com\/en\/contacto\/","og_locale":"en_US","og_type":"article","og_title":"Contacto - M&amp;G SEAFOOD | Comercializaci\u00f3n Internacional de Alimentos","og_description":"Contacto M&G Sea Food, estamos listos para atenderte y ofrecerte soluciones adaptadas a tus necesidades. . Si deseas m\u00e1s informaci\u00f3n sobre...","og_url":"https:\/\/www.mgseafood.com\/en\/contacto\/","og_site_name":"M&amp;G SEAFOOD | Comercializaci\u00f3n Internacional de Alimentos","article_modified_time":"2025-04-04T20:16:43+00:00","og_image":[{"width":1920,"height":845,"url":"https:\/\/www.mgseafood.com\/wp-content\/uploads\/2025\/03\/MG-Sea-Food-Comercializacion-Internacional-de-Alimentos-4.webp","type":"image\/webp"}],"twitter_card":"summary_large_image","twitter_misc":{"Est. reading time":"1 minute"},"schema":{"@context":"https:\/\/schema.org","@graph":[{"@type":"WebPage","@id":"https:\/\/www.mgseafood.com\/en\/contacto\/","url":"https:\/\/www.mgseafood.com\/en\/contacto\/","name":"Contacto - M&amp;G SEAFOOD | Comercializaci\u00f3n Internacional de Alimentos","isPartOf":{"@id":"https:\/\/mgseafood.com\/#website"},"primaryImageOfPage":{"@id":"https:\/\/www.mgseafood.com\/en\/contacto\/#primaryimage"},"image":{"@id":"https:\/\/www.mgseafood.com\/en\/contacto\/#primaryimage"},"thumbnailUrl":"https:\/\/mgseafood.com\/wp-content\/uploads\/2025\/03\/MG-Sea-Food-Comercializacion-Internacional-de-Alimentos-4.webp","datePublished":"2025-03-10T22:19:26+00:00","dateModified":"2025-04-04T20:16:43+00:00","description":"Contacto M&G Sea Food, estamos listos para atenderte y ofrecerte soluciones adaptadas a tus necesidades. . Si deseas m\u00e1s informaci\u00f3n sobre...","breadcrumb":{"@id":"https:\/\/www.mgseafood.com\/en\/contacto\/#breadcrumb"},"inLanguage":"en-US","potentialAction":[{"@type":"ReadAction","target":["https:\/\/www.mgseafood.com\/en\/contacto\/"]}]},{"@type":"ImageObject","inLanguage":"en-US","@id":"https:\/\/www.mgseafood.com\/en\/contacto\/#primaryimage","url":"https:\/\/mgseafood.com\/wp-content\/uploads\/2025\/03\/MG-Sea-Food-Comercializacion-Internacional-de-Alimentos-4.webp","contentUrl":"https:\/\/mgseafood.com\/wp-content\/uploads\/2025\/03\/MG-Sea-Food-Comercializacion-Internacional-de-Alimentos-4.webp","width":1920,"height":845,"caption":"M&G Sea Food Comercializaci\u00f3n Internacional de Alimentos (4)"},{"@type":"BreadcrumbList","@id":"https:\/\/www.mgseafood.com\/en\/contacto\/#breadcrumb","itemListElement":[{"@type":"ListItem","position":1,"name":"Inicio","item":"https:\/\/mgseafood.com\/"},{"@type":"ListItem","position":2,"name":"Contacto"}]},{"@type":"WebSite","@id":"https:\/\/mgseafood.com\/#website","url":"https:\/\/mgseafood.com\/","name":"M&amp;G SEAFOOD | Comercializaci\u00f3n Internacional de Alimentos","description":"M&amp;G SEAFOOD comercializa camar\u00f3n, tilapia, basa y m\u00e1s, con altos est\u00e1ndares de calidad y distribuci\u00f3n en Colombia, Panam\u00e1, EE.UU., Ecuador y M\u00e9xico.","publisher":{"@id":"https:\/\/mgseafood.com\/#organization"},"potentialAction":[{"@type":"SearchAction","target":{"@type":"EntryPoint","urlTemplate":"https:\/\/mgseafood.com\/?s={search_term_string}"},"query-input":{"@type":"PropertyValueSpecification","valueRequired":true,"valueName":"search_term_string"}}],"inLanguage":"en-US"},{"@type":"Organization","@id":"https:\/\/mgseafood.com\/#organization","name":"M&G SEA FOOD","url":"https:\/\/mgseafood.com\/","logo":{"@type":"ImageObject","inLanguage":"en-US","@id":"https:\/\/mgseafood.com\/#\/schema\/logo\/image\/","url":"https:\/\/mgseafood.com\/wp-content\/uploads\/2025\/03\/mg-sea-food-logo.webp","contentUrl":"https:\/\/mgseafood.com\/wp-content\/uploads\/2025\/03\/mg-sea-food-logo.webp","width":350,"height":100,"caption":"M&G SEA FOOD"},"image":{"@id":"https:\/\/mgseafood.com\/#\/schema\/logo\/image\/"}}]}},"_links":{"self":[{"href":"https:\/\/mgseafood.com\/en\/wp-json\/wp\/v2\/pages\/23","targetHints":{"allow":["GET"]}}],"collection":[{"href":"https:\/\/mgseafood.com\/en\/wp-json\/wp\/v2\/pages"}],"about":[{"href":"https:\/\/mgseafood.com\/en\/wp-json\/wp\/v2\/types\/page"}],"author":[{"embeddable":true,"href":"https:\/\/mgseafood.com\/en\/wp-json\/wp\/v2\/users\/1"}],"replies":[{"embeddable":true,"href":"https:\/\/mgseafood.com\/en\/wp-json\/wp\/v2\/comments?post=23"}],"version-history":[{"count":24,"href":"https:\/\/mgseafood.com\/en\/wp-json\/wp\/v2\/pages\/23\/revisions"}],"predecessor-version":[{"id":591,"href":"https:\/\/mgseafood.com\/en\/wp-json\/wp\/v2\/pages\/23\/revisions\/591"}],"wp:featuredmedia":[{"embeddable":true,"href":"https:\/\/mgseafood.com\/en\/wp-json\/wp\/v2\/media\/219"}],"wp:attachment":[{"href":"https:\/\/mgseafood.com\/en\/wp-json\/wp\/v2\/media?parent=23"}],"curies":[{"name":"wp","href":"https:\/\/api.w.org\/{rel}","templated":true}]}}