{"id":29,"date":"2025-03-10T17:20:14","date_gmt":"2025-03-10T22:20:14","guid":{"rendered":"https:\/\/mgseafood.com\/?page_id=29"},"modified":"2025-04-04T14:58:20","modified_gmt":"2025-04-04T19:58:20","slug":"politica-de-cookies","status":"publish","type":"page","link":"https:\/\/mgseafood.com\/en\/politica-de-cookies\/","title":{"rendered":"Cookies Policy"},"content":{"rendered":"<div data-elementor-type=\"wp-page\" data-elementor-id=\"29\" class=\"elementor elementor-29\" data-elementor-post-type=\"page\">\n\t\t\t\t<div class=\"elementor-element elementor-element-10c9b50 e-con-full e-flex e-con e-parent\" data-id=\"10c9b50\" data-element_type=\"container\" data-settings=\"{&quot;background_background&quot;:&quot;classic&quot;}\">\n\t\t\t\t<div class=\"elementor-element elementor-element-62eea5c elementor-widget elementor-widget-heading\" data-id=\"62eea5c\" data-element_type=\"widget\" data-widget_type=\"heading.default\">\n\t\t\t\t<div class=\"elementor-widget-container\">\n\t\t\t\t\t<h1 class=\"elementor-heading-title elementor-size-default\">Cookies Policy<\/h1>\t\t\t\t<\/div>\n\t\t\t\t<\/div>\n\t\t\t\t<div class=\"elementor-element elementor-element-becaaf9 elementor-widget elementor-widget-heading\" data-id=\"becaaf9\" data-element_type=\"widget\" data-widget_type=\"heading.default\">\n\t\t\t\t<div class=\"elementor-widget-container\">\n\t\t\t\t\t<h2 class=\"elementor-heading-title elementor-size-default\">M&amp;G SEAFOOD<\/h2>\t\t\t\t<\/div>\n\t\t\t\t<\/div>\n\t\t\t\t<\/div>\n\t\t<div class=\"elementor-element elementor-element-482ae01 e-flex e-con-boxed e-con e-parent\" data-id=\"482ae01\" data-element_type=\"container\">\n\t\t\t\t\t<div class=\"e-con-inner\">\n\t\t\t\t<div class=\"elementor-element elementor-element-e5a8a8a elementor-widget elementor-widget-heading\" data-id=\"e5a8a8a\" data-element_type=\"widget\" data-widget_type=\"heading.default\">\n\t\t\t\t<div class=\"elementor-widget-container\">\n\t\t\t\t\t<h2 class=\"elementor-heading-title elementor-size-default\">1. Introduction<\/h2>\t\t\t\t<\/div>\n\t\t\t\t<\/div>\n\t\t\t\t<div class=\"elementor-element elementor-element-e19c249 elementor-widget elementor-widget-text-editor\" data-id=\"e19c249\" data-element_type=\"widget\" data-widget_type=\"text-editor.default\">\n\t\t\t\t<div class=\"elementor-widget-container\">\n\t\t\t\t\t\t\t\t\t<p>At <strong data-start=\"238\" data-end=\"254\">M&amp;G SEAFOOD<\/strong>, we use cookies and similar technologies to improve your experience on our website, facilitate navigation, and optimize our services. This policy explains what cookies are, how we use them, and how you can manage them.<\/p>\t\t\t\t\t\t\t\t<\/div>\n\t\t\t\t<\/div>\n\t\t\t\t<div class=\"elementor-element elementor-element-719220e elementor-widget elementor-widget-heading\" data-id=\"719220e\" data-element_type=\"widget\" data-widget_type=\"heading.default\">\n\t\t\t\t<div class=\"elementor-widget-container\">\n\t\t\t\t\t<h2 class=\"elementor-heading-title elementor-size-default\">2. What are cookies?<\/h2>\t\t\t\t<\/div>\n\t\t\t\t<\/div>\n\t\t\t\t<div class=\"elementor-element elementor-element-b812465 elementor-widget elementor-widget-text-editor\" data-id=\"b812465\" data-element_type=\"widget\" data-widget_type=\"text-editor.default\">\n\t\t\t\t<div class=\"elementor-widget-container\">\n\t\t\t\t\t\t\t\t\t<p>Cookies are small text files that are stored on your device when you visit our website. They allow us to collect information about your activity on the website to offer you a better experience and improve our services.<\/p>\t\t\t\t\t\t\t\t<\/div>\n\t\t\t\t<\/div>\n\t\t\t\t<div class=\"elementor-element elementor-element-4bad3b0 elementor-widget elementor-widget-heading\" data-id=\"4bad3b0\" data-element_type=\"widget\" data-widget_type=\"heading.default\">\n\t\t\t\t<div class=\"elementor-widget-container\">\n\t\t\t\t\t<h2 class=\"elementor-heading-title elementor-size-default\">3. What types of cookies do we use?<\/h2>\t\t\t\t<\/div>\n\t\t\t\t<\/div>\n\t\t\t\t<div class=\"elementor-element elementor-element-9a8336d elementor-widget elementor-widget-text-editor\" data-id=\"9a8336d\" data-element_type=\"widget\" data-widget_type=\"text-editor.default\">\n\t\t\t\t<div class=\"elementor-widget-container\">\n\t\t\t\t\t\t\t\t\t<ul><li class=\"\" data-start=\"825\" data-end=\"952\"><p class=\"\" data-start=\"827\" data-end=\"952\"><strong data-start=\"827\" data-end=\"849\">Essential cookies<\/strong>: Necessary for the operation of the site, such as session management and contact forms.<\/p><\/li><li class=\"\" data-start=\"953\" data-end=\"1083\"><p class=\"\" data-start=\"955\" data-end=\"1083\"><strong data-start=\"955\" data-end=\"981\">Performance cookies<\/strong>: They collect data about how users navigate our site to optimize its operation.<\/p><\/li><li class=\"\" data-start=\"1084\" data-end=\"1189\"><p class=\"\" data-start=\"1086\" data-end=\"1189\"><strong data-start=\"1086\" data-end=\"1114\">Functionality cookies<\/strong>: They allow us to remember your preferences and improve the user experience.<\/p><\/li><li class=\"\" data-start=\"1190\" data-end=\"1326\"><p class=\"\" data-start=\"1192\" data-end=\"1326\"><strong data-start=\"1192\" data-end=\"1215\">Third party cookies<\/strong>We use third-party tools, such as Google Analytics, to analyze traffic and improve our services.<\/p><\/li><\/ul>\t\t\t\t\t\t\t\t<\/div>\n\t\t\t\t<\/div>\n\t\t\t\t<div class=\"elementor-element elementor-element-74f0114 elementor-widget elementor-widget-heading\" data-id=\"74f0114\" data-element_type=\"widget\" data-widget_type=\"heading.default\">\n\t\t\t\t<div class=\"elementor-widget-container\">\n\t\t\t\t\t<h2 class=\"elementor-heading-title elementor-size-default\">4. How do we use cookies?<\/h2>\t\t\t\t<\/div>\n\t\t\t\t<\/div>\n\t\t\t\t<div class=\"elementor-element elementor-element-3dc5fba elementor-widget elementor-widget-text-editor\" data-id=\"3dc5fba\" data-element_type=\"widget\" data-widget_type=\"text-editor.default\">\n\t\t\t\t<div class=\"elementor-widget-container\">\n\t\t\t\t\t\t\t\t\t<p>At <strong data-start=\"1369\" data-end=\"1385\">M&amp;G Sea Food<\/strong>, we use cookies to:<br data-start=\"1411\" data-end=\"1414\" \/>Improve the functionality and performance of the website.<br data-start=\"1469\" data-end=\"1472\" \/>Facilitate the quote request process in our contact catalog.<br data-start=\"1556\" data-end=\"1559\" \/>Analyze user behavior to optimize navigation and content.<\/p>\t\t\t\t\t\t\t\t<\/div>\n\t\t\t\t<\/div>\n\t\t\t\t<div class=\"elementor-element elementor-element-7c07f06 elementor-widget elementor-widget-heading\" data-id=\"7c07f06\" data-element_type=\"widget\" data-widget_type=\"heading.default\">\n\t\t\t\t<div class=\"elementor-widget-container\">\n\t\t\t\t\t<h2 class=\"elementor-heading-title elementor-size-default\">5. Cookie management<\/h2>\t\t\t\t<\/div>\n\t\t\t\t<\/div>\n\t\t\t\t<div class=\"elementor-element elementor-element-39cc0cf elementor-widget elementor-widget-text-editor\" data-id=\"39cc0cf\" data-element_type=\"widget\" data-widget_type=\"text-editor.default\">\n\t\t\t\t<div class=\"elementor-widget-container\">\n\t\t\t\t\t\t\t\t\t<p>You can accept, reject, or configure the use of cookies at any time through your browser settings. Please note that disabling certain cookies may affect site functionality, including requesting quotes.<\/p>\t\t\t\t\t\t\t\t<\/div>\n\t\t\t\t<\/div>\n\t\t\t\t<div class=\"elementor-element elementor-element-66a85a4 elementor-widget elementor-widget-heading\" data-id=\"66a85a4\" data-element_type=\"widget\" data-widget_type=\"heading.default\">\n\t\t\t\t<div class=\"elementor-widget-container\">\n\t\t\t\t\t<h2 class=\"elementor-heading-title elementor-size-default\">6. Contact<\/h2>\t\t\t\t<\/div>\n\t\t\t\t<\/div>\n\t\t\t\t<div class=\"elementor-element elementor-element-260416f elementor-widget elementor-widget-text-editor\" data-id=\"260416f\" data-element_type=\"widget\" data-widget_type=\"text-editor.default\">\n\t\t\t\t<div class=\"elementor-widget-container\">\n\t\t\t\t\t\t\t\t\t<p>If you have any questions about our cookie policy, you can contact us through our form on the website or by email. <strong data-start=\"2097\" data-end=\"2123\">[sales@mgseafood.com]<\/strong>.<\/p>\t\t\t\t\t\t\t\t<\/div>\n\t\t\t\t<\/div>\n\t\t\t\t\t<\/div>\n\t\t\t\t<\/div>\n\t\t\t\t<\/div>","protected":false},"excerpt":{"rendered":"<p>En M&#038;G Sea Food, utilizamos cookies y tecnolog\u00edas similares para mejorar tu experiencia en nuestro sitio web, facilitar la navegaci\u00f3n y optimizar nuestros servicios. Esta pol\u00edtica explica qu\u00e9 son las cookies, c\u00f3mo las usamos y c\u00f3mo puedes gestionarlas.<\/p>","protected":false},"author":1,"featured_media":219,"parent":0,"menu_order":0,"comment_status":"closed","ping_status":"closed","template":"","meta":{"footnotes":""},"class_list":["post-29","page","type-page","status-publish","has-post-thumbnail","hentry"],"yoast_head":"<!-- This site is optimized with the Yoast SEO plugin v25.7 - https:\/\/yoast.com\/wordpress\/plugins\/seo\/ -->\n<title>Pol\u00edtica de Cookies - M&amp;G SEAFOOD | Comercializaci\u00f3n Internacional de Alimentos<\/title>\n<meta name=\"description\" content=\"En M&amp;G Sea Food, utilizamos cookies y tecnolog\u00edas similares para mejorar tu experiencia en nuestro sitio web\" \/>\n<meta name=\"robots\" content=\"index, follow, max-snippet:-1, max-image-preview:large, max-video-preview:-1\" \/>\n<link rel=\"canonical\" href=\"https:\/\/mgseafood.com\/en\/politica-de-cookies\/\" \/>\n<meta property=\"og:locale\" content=\"en_US\" \/>\n<meta property=\"og:type\" content=\"article\" \/>\n<meta property=\"og:title\" content=\"Pol\u00edtica de Cookies - M&amp;G SEAFOOD | Comercializaci\u00f3n Internacional de Alimentos\" \/>\n<meta property=\"og:description\" content=\"En M&amp;G Sea Food, utilizamos cookies y tecnolog\u00edas similares para mejorar tu experiencia en nuestro sitio web\" \/>\n<meta property=\"og:url\" content=\"https:\/\/mgseafood.com\/en\/politica-de-cookies\/\" \/>\n<meta property=\"og:site_name\" content=\"M&amp;G SEAFOOD | Comercializaci\u00f3n Internacional de Alimentos\" \/>\n<meta property=\"article:modified_time\" content=\"2025-04-04T19:58:20+00:00\" \/>\n<meta property=\"og:image\" content=\"https:\/\/mgseafood.com\/wp-content\/uploads\/2025\/03\/MG-Sea-Food-Comercializacion-Internacional-de-Alimentos-4.webp\" \/>\n\t<meta property=\"og:image:width\" content=\"1920\" \/>\n\t<meta property=\"og:image:height\" content=\"845\" \/>\n\t<meta property=\"og:image:type\" content=\"image\/webp\" \/>\n<meta name=\"twitter:card\" content=\"summary_large_image\" \/>\n<meta name=\"twitter:label1\" content=\"Est. reading time\" \/>\n\t<meta name=\"twitter:data1\" content=\"2 minutes\" \/>\n<script type=\"application\/ld+json\" class=\"yoast-schema-graph\">{\"@context\":\"https:\/\/schema.org\",\"@graph\":[{\"@type\":\"WebPage\",\"@id\":\"https:\/\/mgseafood.com\/en\/politica-de-cookies\/\",\"url\":\"https:\/\/mgseafood.com\/en\/politica-de-cookies\/\",\"name\":\"Pol\u00edtica de Cookies - M&amp;G SEAFOOD | Comercializaci\u00f3n Internacional de Alimentos\",\"isPartOf\":{\"@id\":\"https:\/\/mgseafood.com\/#website\"},\"primaryImageOfPage\":{\"@id\":\"https:\/\/mgseafood.com\/en\/politica-de-cookies\/#primaryimage\"},\"image\":{\"@id\":\"https:\/\/mgseafood.com\/en\/politica-de-cookies\/#primaryimage\"},\"thumbnailUrl\":\"https:\/\/mgseafood.com\/wp-content\/uploads\/2025\/03\/MG-Sea-Food-Comercializacion-Internacional-de-Alimentos-4.webp\",\"datePublished\":\"2025-03-10T22:20:14+00:00\",\"dateModified\":\"2025-04-04T19:58:20+00:00\",\"description\":\"En M&G Sea Food, utilizamos cookies y tecnolog\u00edas similares para mejorar tu experiencia en nuestro sitio web\",\"breadcrumb\":{\"@id\":\"https:\/\/mgseafood.com\/en\/politica-de-cookies\/#breadcrumb\"},\"inLanguage\":\"en-US\",\"potentialAction\":[{\"@type\":\"ReadAction\",\"target\":[\"https:\/\/mgseafood.com\/en\/politica-de-cookies\/\"]}]},{\"@type\":\"ImageObject\",\"inLanguage\":\"en-US\",\"@id\":\"https:\/\/mgseafood.com\/en\/politica-de-cookies\/#primaryimage\",\"url\":\"https:\/\/mgseafood.com\/wp-content\/uploads\/2025\/03\/MG-Sea-Food-Comercializacion-Internacional-de-Alimentos-4.webp\",\"contentUrl\":\"https:\/\/mgseafood.com\/wp-content\/uploads\/2025\/03\/MG-Sea-Food-Comercializacion-Internacional-de-Alimentos-4.webp\",\"width\":1920,\"height\":845,\"caption\":\"M&G Sea Food Comercializaci\u00f3n Internacional de Alimentos (4)\"},{\"@type\":\"BreadcrumbList\",\"@id\":\"https:\/\/mgseafood.com\/en\/politica-de-cookies\/#breadcrumb\",\"itemListElement\":[{\"@type\":\"ListItem\",\"position\":1,\"name\":\"Inicio\",\"item\":\"https:\/\/mgseafood.com\/\"},{\"@type\":\"ListItem\",\"position\":2,\"name\":\"Pol\u00edtica de Cookies\"}]},{\"@type\":\"WebSite\",\"@id\":\"https:\/\/mgseafood.com\/#website\",\"url\":\"https:\/\/mgseafood.com\/\",\"name\":\"M&amp;G SEAFOOD | Comercializaci\u00f3n Internacional de Alimentos\",\"description\":\"M&amp;G SEAFOOD comercializa camar\u00f3n, tilapia, basa y m\u00e1s, con altos est\u00e1ndares de calidad y distribuci\u00f3n en Colombia, Panam\u00e1, EE.UU., Ecuador y M\u00e9xico.\",\"publisher\":{\"@id\":\"https:\/\/mgseafood.com\/#organization\"},\"potentialAction\":[{\"@type\":\"SearchAction\",\"target\":{\"@type\":\"EntryPoint\",\"urlTemplate\":\"https:\/\/mgseafood.com\/?s={search_term_string}\"},\"query-input\":{\"@type\":\"PropertyValueSpecification\",\"valueRequired\":true,\"valueName\":\"search_term_string\"}}],\"inLanguage\":\"en-US\"},{\"@type\":\"Organization\",\"@id\":\"https:\/\/mgseafood.com\/#organization\",\"name\":\"M&G SEA FOOD\",\"url\":\"https:\/\/mgseafood.com\/\",\"logo\":{\"@type\":\"ImageObject\",\"inLanguage\":\"en-US\",\"@id\":\"https:\/\/mgseafood.com\/#\/schema\/logo\/image\/\",\"url\":\"https:\/\/mgseafood.com\/wp-content\/uploads\/2025\/03\/mg-sea-food-logo.webp\",\"contentUrl\":\"https:\/\/mgseafood.com\/wp-content\/uploads\/2025\/03\/mg-sea-food-logo.webp\",\"width\":350,\"height\":100,\"caption\":\"M&G SEA FOOD\"},\"image\":{\"@id\":\"https:\/\/mgseafood.com\/#\/schema\/logo\/image\/\"}}]}<\/script>\n<!-- \/ Yoast SEO plugin. -->","yoast_head_json":{"title":"Pol\u00edtica de Cookies - M&amp;G SEAFOOD | Comercializaci\u00f3n Internacional de Alimentos","description":"En M&G Sea Food, utilizamos cookies y tecnolog\u00edas similares para mejorar tu experiencia en nuestro sitio web","robots":{"index":"index","follow":"follow","max-snippet":"max-snippet:-1","max-image-preview":"max-image-preview:large","max-video-preview":"max-video-preview:-1"},"canonical":"https:\/\/mgseafood.com\/en\/politica-de-cookies\/","og_locale":"en_US","og_type":"article","og_title":"Pol\u00edtica de Cookies - M&amp;G SEAFOOD | Comercializaci\u00f3n Internacional de Alimentos","og_description":"En M&G Sea Food, utilizamos cookies y tecnolog\u00edas similares para mejorar tu experiencia en nuestro sitio web","og_url":"https:\/\/mgseafood.com\/en\/politica-de-cookies\/","og_site_name":"M&amp;G SEAFOOD | Comercializaci\u00f3n Internacional de Alimentos","article_modified_time":"2025-04-04T19:58:20+00:00","og_image":[{"width":1920,"height":845,"url":"https:\/\/mgseafood.com\/wp-content\/uploads\/2025\/03\/MG-Sea-Food-Comercializacion-Internacional-de-Alimentos-4.webp","type":"image\/webp"}],"twitter_card":"summary_large_image","twitter_misc":{"Est. reading time":"2 minutes"},"schema":{"@context":"https:\/\/schema.org","@graph":[{"@type":"WebPage","@id":"https:\/\/mgseafood.com\/en\/politica-de-cookies\/","url":"https:\/\/mgseafood.com\/en\/politica-de-cookies\/","name":"Pol\u00edtica de Cookies - M&amp;G SEAFOOD | Comercializaci\u00f3n Internacional de Alimentos","isPartOf":{"@id":"https:\/\/mgseafood.com\/#website"},"primaryImageOfPage":{"@id":"https:\/\/mgseafood.com\/en\/politica-de-cookies\/#primaryimage"},"image":{"@id":"https:\/\/mgseafood.com\/en\/politica-de-cookies\/#primaryimage"},"thumbnailUrl":"https:\/\/mgseafood.com\/wp-content\/uploads\/2025\/03\/MG-Sea-Food-Comercializacion-Internacional-de-Alimentos-4.webp","datePublished":"2025-03-10T22:20:14+00:00","dateModified":"2025-04-04T19:58:20+00:00","description":"En M&G Sea Food, utilizamos cookies y tecnolog\u00edas similares para mejorar tu experiencia en nuestro sitio web","breadcrumb":{"@id":"https:\/\/mgseafood.com\/en\/politica-de-cookies\/#breadcrumb"},"inLanguage":"en-US","potentialAction":[{"@type":"ReadAction","target":["https:\/\/mgseafood.com\/en\/politica-de-cookies\/"]}]},{"@type":"ImageObject","inLanguage":"en-US","@id":"https:\/\/mgseafood.com\/en\/politica-de-cookies\/#primaryimage","url":"https:\/\/mgseafood.com\/wp-content\/uploads\/2025\/03\/MG-Sea-Food-Comercializacion-Internacional-de-Alimentos-4.webp","contentUrl":"https:\/\/mgseafood.com\/wp-content\/uploads\/2025\/03\/MG-Sea-Food-Comercializacion-Internacional-de-Alimentos-4.webp","width":1920,"height":845,"caption":"M&G Sea Food Comercializaci\u00f3n Internacional de Alimentos (4)"},{"@type":"BreadcrumbList","@id":"https:\/\/mgseafood.com\/en\/politica-de-cookies\/#breadcrumb","itemListElement":[{"@type":"ListItem","position":1,"name":"Inicio","item":"https:\/\/mgseafood.com\/"},{"@type":"ListItem","position":2,"name":"Pol\u00edtica de Cookies"}]},{"@type":"WebSite","@id":"https:\/\/mgseafood.com\/#website","url":"https:\/\/mgseafood.com\/","name":"M&amp;G SEAFOOD | Comercializaci\u00f3n Internacional de Alimentos","description":"M&amp;G SEAFOOD comercializa camar\u00f3n, tilapia, basa y m\u00e1s, con altos est\u00e1ndares de calidad y distribuci\u00f3n en Colombia, Panam\u00e1, EE.UU., Ecuador y M\u00e9xico.","publisher":{"@id":"https:\/\/mgseafood.com\/#organization"},"potentialAction":[{"@type":"SearchAction","target":{"@type":"EntryPoint","urlTemplate":"https:\/\/mgseafood.com\/?s={search_term_string}"},"query-input":{"@type":"PropertyValueSpecification","valueRequired":true,"valueName":"search_term_string"}}],"inLanguage":"en-US"},{"@type":"Organization","@id":"https:\/\/mgseafood.com\/#organization","name":"M&G SEA FOOD","url":"https:\/\/mgseafood.com\/","logo":{"@type":"ImageObject","inLanguage":"en-US","@id":"https:\/\/mgseafood.com\/#\/schema\/logo\/image\/","url":"https:\/\/mgseafood.com\/wp-content\/uploads\/2025\/03\/mg-sea-food-logo.webp","contentUrl":"https:\/\/mgseafood.com\/wp-content\/uploads\/2025\/03\/mg-sea-food-logo.webp","width":350,"height":100,"caption":"M&G SEA FOOD"},"image":{"@id":"https:\/\/mgseafood.com\/#\/schema\/logo\/image\/"}}]}},"_links":{"self":[{"href":"https:\/\/mgseafood.com\/en\/wp-json\/wp\/v2\/pages\/29","targetHints":{"allow":["GET"]}}],"collection":[{"href":"https:\/\/mgseafood.com\/en\/wp-json\/wp\/v2\/pages"}],"about":[{"href":"https:\/\/mgseafood.com\/en\/wp-json\/wp\/v2\/types\/page"}],"author":[{"embeddable":true,"href":"https:\/\/mgseafood.com\/en\/wp-json\/wp\/v2\/users\/1"}],"replies":[{"embeddable":true,"href":"https:\/\/mgseafood.com\/en\/wp-json\/wp\/v2\/comments?post=29"}],"version-history":[{"count":23,"href":"https:\/\/mgseafood.com\/en\/wp-json\/wp\/v2\/pages\/29\/revisions"}],"predecessor-version":[{"id":551,"href":"https:\/\/mgseafood.com\/en\/wp-json\/wp\/v2\/pages\/29\/revisions\/551"}],"wp:featuredmedia":[{"embeddable":true,"href":"https:\/\/mgseafood.com\/en\/wp-json\/wp\/v2\/media\/219"}],"wp:attachment":[{"href":"https:\/\/mgseafood.com\/en\/wp-json\/wp\/v2\/media?parent=29"}],"curies":[{"name":"wp","href":"https:\/\/api.w.org\/{rel}","templated":true}]}}