{"id":31,"date":"2025-03-10T17:20:22","date_gmt":"2025-03-10T22:20:22","guid":{"rendered":"https:\/\/mgseafood.com\/?page_id=31"},"modified":"2025-04-04T14:58:52","modified_gmt":"2025-04-04T19:58:52","slug":"politica-de-envios-y-entregas","status":"publish","type":"page","link":"https:\/\/mgseafood.com\/en\/politica-de-envios-y-entregas\/","title":{"rendered":"Shipping and Delivery Policy"},"content":{"rendered":"<div data-elementor-type=\"wp-page\" data-elementor-id=\"31\" class=\"elementor elementor-31\" data-elementor-post-type=\"page\">\n\t\t\t\t<div class=\"elementor-element elementor-element-835409d e-con-full e-flex e-con e-parent\" data-id=\"835409d\" data-element_type=\"container\" data-settings=\"{&quot;background_background&quot;:&quot;classic&quot;}\">\n\t\t\t\t<div class=\"elementor-element elementor-element-28073b0 elementor-widget elementor-widget-heading\" data-id=\"28073b0\" data-element_type=\"widget\" data-widget_type=\"heading.default\">\n\t\t\t\t<div class=\"elementor-widget-container\">\n\t\t\t\t\t<h1 class=\"elementor-heading-title elementor-size-default\">Shipping and Delivery Policy<\/h1>\t\t\t\t<\/div>\n\t\t\t\t<\/div>\n\t\t\t\t<div class=\"elementor-element elementor-element-fb8a84a elementor-widget elementor-widget-heading\" data-id=\"fb8a84a\" data-element_type=\"widget\" data-widget_type=\"heading.default\">\n\t\t\t\t<div class=\"elementor-widget-container\">\n\t\t\t\t\t<h2 class=\"elementor-heading-title elementor-size-default\">M&amp;G Sea Food<\/h2>\t\t\t\t<\/div>\n\t\t\t\t<\/div>\n\t\t\t\t<\/div>\n\t\t<div class=\"elementor-element elementor-element-9150ca4 e-flex e-con-boxed e-con e-parent\" data-id=\"9150ca4\" data-element_type=\"container\">\n\t\t\t\t\t<div class=\"e-con-inner\">\n\t\t\t\t<div class=\"elementor-element elementor-element-6e9d016 elementor-widget elementor-widget-heading\" data-id=\"6e9d016\" data-element_type=\"widget\" data-widget_type=\"heading.default\">\n\t\t\t\t<div class=\"elementor-widget-container\">\n\t\t\t\t\t<h2 class=\"elementor-heading-title elementor-size-default\">1. Scope and coverage<\/h2>\t\t\t\t<\/div>\n\t\t\t\t<\/div>\n\t\t\t\t<div class=\"elementor-element elementor-element-210c11b elementor-widget elementor-widget-text-editor\" data-id=\"210c11b\" data-element_type=\"widget\" data-widget_type=\"text-editor.default\">\n\t\t\t\t<div class=\"elementor-widget-container\">\n\t\t\t\t\t\t\t\t\t<p>At <strong data-start=\"238\" data-end=\"254\">M&amp;G SEAFOOD<\/strong>, we offer international shipping to <strong data-start=\"276\" data-end=\"330\">Colombia, Panama, the United States, Ecuador, and Mexico<\/strong>, ensuring that our products arrive in optimal condition and comply with the regulations of each country.<\/p>\t\t\t\t\t\t\t\t<\/div>\n\t\t\t\t<\/div>\n\t\t\t\t<div class=\"elementor-element elementor-element-78c95c6 elementor-widget elementor-widget-heading\" data-id=\"78c95c6\" data-element_type=\"widget\" data-widget_type=\"heading.default\">\n\t\t\t\t<div class=\"elementor-widget-container\">\n\t\t\t\t\t<h2 class=\"elementor-heading-title elementor-size-default\">2. Delivery times<\/h2>\t\t\t\t<\/div>\n\t\t\t\t<\/div>\n\t\t\t\t<div class=\"elementor-element elementor-element-f6f50f5 elementor-widget elementor-widget-text-editor\" data-id=\"f6f50f5\" data-element_type=\"widget\" data-widget_type=\"text-editor.default\">\n\t\t\t\t<div class=\"elementor-widget-container\">\n\t\t\t\t\t\t\t\t\t<p class=\"\" data-start=\"481\" data-end=\"630\">Delivery times may vary depending on the destination and customs regulations in each country. Estimated times are detailed below:<\/p><ul data-start=\"632\" data-end=\"815\"><li class=\"\" data-start=\"632\" data-end=\"679\"><p class=\"\" data-start=\"634\" data-end=\"679\"><strong data-start=\"634\" data-end=\"655\">Colombia y Panama<\/strong>: 5 to 10 business days.<\/p><\/li><li class=\"\" data-start=\"680\" data-end=\"767\"><p class=\"\" data-start=\"682\" data-end=\"767\"><strong data-start=\"682\" data-end=\"700\">USA<\/strong>: 7 to 14 business days (depending on status and import requirements).<\/p><\/li><li class=\"\" data-start=\"768\" data-end=\"815\"><p class=\"\" data-start=\"770\" data-end=\"815\"><strong data-start=\"770\" data-end=\"790\">Ecuador y Mexico<\/strong>: 10 to 15 business days.<\/p><\/li><\/ul><p class=\"\" data-start=\"817\" data-end=\"932\">\ud83d\ude9b <em data-start=\"820\" data-end=\"930\">Delivery times may vary depending on product availability, customs procedures, and transportation logistics.<\/em><\/p>\t\t\t\t\t\t\t\t<\/div>\n\t\t\t\t<\/div>\n\t\t\t\t<div class=\"elementor-element elementor-element-9b29b42 elementor-widget elementor-widget-heading\" data-id=\"9b29b42\" data-element_type=\"widget\" data-widget_type=\"heading.default\">\n\t\t\t\t<div class=\"elementor-widget-container\">\n\t\t\t\t\t<h2 class=\"elementor-heading-title elementor-size-default\">3. Shipping and transportation conditions<\/h2>\t\t\t\t<\/div>\n\t\t\t\t<\/div>\n\t\t\t\t<div class=\"elementor-element elementor-element-4db69a4 elementor-widget elementor-widget-text-editor\" data-id=\"4db69a4\" data-element_type=\"widget\" data-widget_type=\"text-editor.default\">\n\t\t\t\t<div class=\"elementor-widget-container\">\n\t\t\t\t\t\t\t\t\t<p>\ud83d\udd39 <strong data-start=\"983\" data-end=\"1018\">Handling of perishable products<\/strong>: All our products are transported under strict temperature controls and cold storage.<br data-start=\"1128\" data-end=\"1131\" \/>\ud83d\udd39 <strong data-start=\"1134\" data-end=\"1162\">International transport<\/strong>: We use air and sea shipping depending on the destination and the urgency of the order.<br data-start=\"1243\" data-end=\"1246\" \/>\ud83d\udd39 <strong data-start=\"1249\" data-end=\"1276\">We use air and sea shipping depending on the destination and the urgency of the order<\/strong>: We ensure compliance with health certificates, import permits, and other regulations of each country.<\/p>\t\t\t\t\t\t\t\t<\/div>\n\t\t\t\t<\/div>\n\t\t\t\t<div class=\"elementor-element elementor-element-cd2fec3 elementor-widget elementor-widget-heading\" data-id=\"cd2fec3\" data-element_type=\"widget\" data-widget_type=\"heading.default\">\n\t\t\t\t<div class=\"elementor-widget-container\">\n\t\t\t\t\t<h2 class=\"elementor-heading-title elementor-size-default\">4. Shipping costs<\/h2>\t\t\t\t<\/div>\n\t\t\t\t<\/div>\n\t\t\t\t<div class=\"elementor-element elementor-element-35ccb76 elementor-widget elementor-widget-text-editor\" data-id=\"35ccb76\" data-element_type=\"widget\" data-widget_type=\"text-editor.default\">\n\t\t\t\t<div class=\"elementor-widget-container\">\n\t\t\t\t\t\t\t\t\t<p>Shipping costs depend on the order volume, destination, and type of transportation required. These will be calculated and confirmed at the time of the quote.<\/p>\t\t\t\t\t\t\t\t<\/div>\n\t\t\t\t<\/div>\n\t\t\t\t<div class=\"elementor-element elementor-element-0a4e91e elementor-widget elementor-widget-heading\" data-id=\"0a4e91e\" data-element_type=\"widget\" data-widget_type=\"heading.default\">\n\t\t\t\t<div class=\"elementor-widget-container\">\n\t\t\t\t\t<h2 class=\"elementor-heading-title elementor-size-default\">5. Order dispatch and tracking<\/h2>\t\t\t\t<\/div>\n\t\t\t\t<\/div>\n\t\t\t\t<div class=\"elementor-element elementor-element-db5a0fc elementor-widget elementor-widget-text-editor\" data-id=\"db5a0fc\" data-element_type=\"widget\" data-widget_type=\"text-editor.default\">\n\t\t\t\t<div class=\"elementor-widget-container\">\n\t\t\t\t\t\t\t\t\t<p>\ud83d\udce6 Once payment and the necessary documentation have been confirmed, the order will be processed and shipped.<br data-start=\"1742\" data-end=\"1745\" \/>\ud83d\udccd We provide a tracking number so you can monitor the shipment status in real time.<br data-start=\"1850\" data-end=\"1853\" \/>\ud83d\udec3 <em data-start=\"1856\" data-end=\"1937\">Dispatch time may be affected by customs processes in each country.<\/em><\/p>\t\t\t\t\t\t\t\t<\/div>\n\t\t\t\t<\/div>\n\t\t\t\t<div class=\"elementor-element elementor-element-4daa933 elementor-widget elementor-widget-heading\" data-id=\"4daa933\" data-element_type=\"widget\" data-widget_type=\"heading.default\">\n\t\t\t\t<div class=\"elementor-widget-container\">\n\t\t\t\t\t<h2 class=\"elementor-heading-title elementor-size-default\">6. Liability and claims\n<\/h2>\t\t\t\t<\/div>\n\t\t\t\t<\/div>\n\t\t\t\t<div class=\"elementor-element elementor-element-8742b02 elementor-widget elementor-widget-text-editor\" data-id=\"8742b02\" data-element_type=\"widget\" data-widget_type=\"text-editor.default\">\n\t\t\t\t<div class=\"elementor-widget-container\">\n\t\t\t\t\t\t\t\t\t<ul><li class=\"\" data-start=\"1985\" data-end=\"2068\"><p class=\"\" data-start=\"1987\" data-end=\"2068\"><strong data-start=\"1987\" data-end=\"2065\">We guarantee the quality of the product until delivery at the agreed point<\/strong>.<\/p><\/li><li class=\"\" data-start=\"2069\" data-end=\"2225\"><p class=\"\" data-start=\"2071\" data-end=\"2225\"><strong data-start=\"2071\" data-end=\"2222\">M&amp;G Sea Food is not responsible for delays caused by customs delays, weather conditions or problems external to our logistics.<\/strong>.<\/p><\/li><li class=\"\" data-start=\"2226\" data-end=\"2376\"><p class=\"\" data-start=\"2228\" data-end=\"2376\">In case of <strong data-start=\"2239\" data-end=\"2280\">damage or irregularities in delivery<\/strong>, the customer must report it within the first 24 hours to proceed with the claim.<\/p><\/li><\/ul>\t\t\t\t\t\t\t\t<\/div>\n\t\t\t\t<\/div>\n\t\t\t\t<div class=\"elementor-element elementor-element-1a9381a elementor-widget elementor-widget-heading\" data-id=\"1a9381a\" data-element_type=\"widget\" data-widget_type=\"heading.default\">\n\t\t\t\t<div class=\"elementor-widget-container\">\n\t\t\t\t\t<h2 class=\"elementor-heading-title elementor-size-default\">7. Contact and support<\/h2>\t\t\t\t<\/div>\n\t\t\t\t<\/div>\n\t\t\t\t<div class=\"elementor-element elementor-element-abc2746 elementor-widget elementor-widget-text-editor\" data-id=\"abc2746\" data-element_type=\"widget\" data-widget_type=\"text-editor.default\">\n\t\t\t\t<div class=\"elementor-widget-container\">\n\t\t\t\t\t\t\t\t\t<p class=\"\" data-start=\"2409\" data-end=\"2586\">If you have questions about the status of your order or need assistance, you can contact us through our web form or by email. <strong data-start=\"2557\" data-end=\"2583\">[sales@mgseafood.com]<\/strong>.<\/p>\t\t\t\t\t\t\t\t<\/div>\n\t\t\t\t<\/div>\n\t\t\t\t\t<\/div>\n\t\t\t\t<\/div>\n\t\t\t\t<\/div>","protected":false},"excerpt":{"rendered":"<p>En M&#038;G Sea Food, ofrecemos env\u00edos internacionales a Colombia, Panam\u00e1, Estados Unidos, Ecuador y M\u00e9xico, garantizando que nuestros productos lleguen en \u00f3ptimas condiciones y cumpliendo con las regulaciones de cada pa\u00eds.<\/p>","protected":false},"author":1,"featured_media":219,"parent":0,"menu_order":0,"comment_status":"closed","ping_status":"closed","template":"","meta":{"footnotes":""},"class_list":["post-31","page","type-page","status-publish","has-post-thumbnail","hentry"],"yoast_head":"<!-- This site is optimized with the Yoast SEO plugin v25.7 - https:\/\/yoast.com\/wordpress\/plugins\/seo\/ -->\n<title>Pol\u00edtica de Env\u00edos y Entregas - M&amp;G SEAFOOD | Comercializaci\u00f3n Internacional de Alimentos<\/title>\n<meta name=\"description\" content=\"En M&amp;G Sea Food, ofrecemos env\u00edos internacionales a Colombia, Panam\u00e1, Estados Unidos, Ecuador y M\u00e9xico, garantizando que nuestros\" \/>\n<meta name=\"robots\" content=\"index, follow, max-snippet:-1, max-image-preview:large, max-video-preview:-1\" \/>\n<link rel=\"canonical\" href=\"https:\/\/www.mgseafood.com\/en\/politica-de-envios-y-entregas\/\" \/>\n<meta property=\"og:locale\" content=\"en_US\" \/>\n<meta property=\"og:type\" content=\"article\" \/>\n<meta property=\"og:title\" content=\"Pol\u00edtica de Env\u00edos y Entregas - M&amp;G SEAFOOD | Comercializaci\u00f3n Internacional de Alimentos\" \/>\n<meta property=\"og:description\" content=\"En M&amp;G Sea Food, ofrecemos env\u00edos internacionales a Colombia, Panam\u00e1, Estados Unidos, Ecuador y M\u00e9xico, garantizando que nuestros\" \/>\n<meta property=\"og:url\" content=\"https:\/\/www.mgseafood.com\/en\/politica-de-envios-y-entregas\/\" \/>\n<meta property=\"og:site_name\" content=\"M&amp;G SEAFOOD | Comercializaci\u00f3n Internacional de Alimentos\" \/>\n<meta property=\"article:modified_time\" content=\"2025-04-04T19:58:52+00:00\" \/>\n<meta property=\"og:image\" content=\"https:\/\/www.mgseafood.com\/wp-content\/uploads\/2025\/03\/MG-Sea-Food-Comercializacion-Internacional-de-Alimentos-4.webp\" \/>\n\t<meta property=\"og:image:width\" content=\"1920\" \/>\n\t<meta property=\"og:image:height\" content=\"845\" \/>\n\t<meta property=\"og:image:type\" content=\"image\/webp\" \/>\n<meta name=\"twitter:card\" content=\"summary_large_image\" \/>\n<meta name=\"twitter:label1\" content=\"Est. reading time\" \/>\n\t<meta name=\"twitter:data1\" content=\"2 minutes\" \/>\n<script type=\"application\/ld+json\" class=\"yoast-schema-graph\">{\"@context\":\"https:\/\/schema.org\",\"@graph\":[{\"@type\":\"WebPage\",\"@id\":\"https:\/\/www.mgseafood.com\/en\/politica-de-envios-y-entregas\/\",\"url\":\"https:\/\/www.mgseafood.com\/en\/politica-de-envios-y-entregas\/\",\"name\":\"Pol\u00edtica de Env\u00edos y Entregas - M&amp;G SEAFOOD | Comercializaci\u00f3n Internacional de Alimentos\",\"isPartOf\":{\"@id\":\"https:\/\/mgseafood.com\/#website\"},\"primaryImageOfPage\":{\"@id\":\"https:\/\/www.mgseafood.com\/en\/politica-de-envios-y-entregas\/#primaryimage\"},\"image\":{\"@id\":\"https:\/\/www.mgseafood.com\/en\/politica-de-envios-y-entregas\/#primaryimage\"},\"thumbnailUrl\":\"https:\/\/mgseafood.com\/wp-content\/uploads\/2025\/03\/MG-Sea-Food-Comercializacion-Internacional-de-Alimentos-4.webp\",\"datePublished\":\"2025-03-10T22:20:22+00:00\",\"dateModified\":\"2025-04-04T19:58:52+00:00\",\"description\":\"En M&G Sea Food, ofrecemos env\u00edos internacionales a Colombia, Panam\u00e1, Estados Unidos, Ecuador y M\u00e9xico, garantizando que nuestros\",\"breadcrumb\":{\"@id\":\"https:\/\/www.mgseafood.com\/en\/politica-de-envios-y-entregas\/#breadcrumb\"},\"inLanguage\":\"en-US\",\"potentialAction\":[{\"@type\":\"ReadAction\",\"target\":[\"https:\/\/www.mgseafood.com\/en\/politica-de-envios-y-entregas\/\"]}]},{\"@type\":\"ImageObject\",\"inLanguage\":\"en-US\",\"@id\":\"https:\/\/www.mgseafood.com\/en\/politica-de-envios-y-entregas\/#primaryimage\",\"url\":\"https:\/\/mgseafood.com\/wp-content\/uploads\/2025\/03\/MG-Sea-Food-Comercializacion-Internacional-de-Alimentos-4.webp\",\"contentUrl\":\"https:\/\/mgseafood.com\/wp-content\/uploads\/2025\/03\/MG-Sea-Food-Comercializacion-Internacional-de-Alimentos-4.webp\",\"width\":1920,\"height\":845,\"caption\":\"M&G Sea Food Comercializaci\u00f3n Internacional de Alimentos (4)\"},{\"@type\":\"BreadcrumbList\",\"@id\":\"https:\/\/www.mgseafood.com\/en\/politica-de-envios-y-entregas\/#breadcrumb\",\"itemListElement\":[{\"@type\":\"ListItem\",\"position\":1,\"name\":\"Inicio\",\"item\":\"https:\/\/mgseafood.com\/\"},{\"@type\":\"ListItem\",\"position\":2,\"name\":\"Pol\u00edtica de Env\u00edos y Entregas\"}]},{\"@type\":\"WebSite\",\"@id\":\"https:\/\/mgseafood.com\/#website\",\"url\":\"https:\/\/mgseafood.com\/\",\"name\":\"M&amp;G SEAFOOD | Comercializaci\u00f3n Internacional de Alimentos\",\"description\":\"M&amp;G SEAFOOD comercializa camar\u00f3n, tilapia, basa y m\u00e1s, con altos est\u00e1ndares de calidad y distribuci\u00f3n en Colombia, Panam\u00e1, EE.UU., Ecuador y M\u00e9xico.\",\"publisher\":{\"@id\":\"https:\/\/mgseafood.com\/#organization\"},\"potentialAction\":[{\"@type\":\"SearchAction\",\"target\":{\"@type\":\"EntryPoint\",\"urlTemplate\":\"https:\/\/mgseafood.com\/?s={search_term_string}\"},\"query-input\":{\"@type\":\"PropertyValueSpecification\",\"valueRequired\":true,\"valueName\":\"search_term_string\"}}],\"inLanguage\":\"en-US\"},{\"@type\":\"Organization\",\"@id\":\"https:\/\/mgseafood.com\/#organization\",\"name\":\"M&G SEA FOOD\",\"url\":\"https:\/\/mgseafood.com\/\",\"logo\":{\"@type\":\"ImageObject\",\"inLanguage\":\"en-US\",\"@id\":\"https:\/\/mgseafood.com\/#\/schema\/logo\/image\/\",\"url\":\"https:\/\/mgseafood.com\/wp-content\/uploads\/2025\/03\/mg-sea-food-logo.webp\",\"contentUrl\":\"https:\/\/mgseafood.com\/wp-content\/uploads\/2025\/03\/mg-sea-food-logo.webp\",\"width\":350,\"height\":100,\"caption\":\"M&G SEA FOOD\"},\"image\":{\"@id\":\"https:\/\/mgseafood.com\/#\/schema\/logo\/image\/\"}}]}<\/script>\n<!-- \/ Yoast SEO plugin. -->","yoast_head_json":{"title":"Pol\u00edtica de Env\u00edos y Entregas - M&amp;G SEAFOOD | Comercializaci\u00f3n Internacional de Alimentos","description":"En M&G Sea Food, ofrecemos env\u00edos internacionales a Colombia, Panam\u00e1, Estados Unidos, Ecuador y M\u00e9xico, garantizando que nuestros","robots":{"index":"index","follow":"follow","max-snippet":"max-snippet:-1","max-image-preview":"max-image-preview:large","max-video-preview":"max-video-preview:-1"},"canonical":"https:\/\/www.mgseafood.com\/en\/politica-de-envios-y-entregas\/","og_locale":"en_US","og_type":"article","og_title":"Pol\u00edtica de Env\u00edos y Entregas - M&amp;G SEAFOOD | Comercializaci\u00f3n Internacional de Alimentos","og_description":"En M&G Sea Food, ofrecemos env\u00edos internacionales a Colombia, Panam\u00e1, Estados Unidos, Ecuador y M\u00e9xico, garantizando que nuestros","og_url":"https:\/\/www.mgseafood.com\/en\/politica-de-envios-y-entregas\/","og_site_name":"M&amp;G SEAFOOD | Comercializaci\u00f3n Internacional de Alimentos","article_modified_time":"2025-04-04T19:58:52+00:00","og_image":[{"width":1920,"height":845,"url":"https:\/\/www.mgseafood.com\/wp-content\/uploads\/2025\/03\/MG-Sea-Food-Comercializacion-Internacional-de-Alimentos-4.webp","type":"image\/webp"}],"twitter_card":"summary_large_image","twitter_misc":{"Est. reading time":"2 minutes"},"schema":{"@context":"https:\/\/schema.org","@graph":[{"@type":"WebPage","@id":"https:\/\/www.mgseafood.com\/en\/politica-de-envios-y-entregas\/","url":"https:\/\/www.mgseafood.com\/en\/politica-de-envios-y-entregas\/","name":"Pol\u00edtica de Env\u00edos y Entregas - M&amp;G SEAFOOD | Comercializaci\u00f3n Internacional de Alimentos","isPartOf":{"@id":"https:\/\/mgseafood.com\/#website"},"primaryImageOfPage":{"@id":"https:\/\/www.mgseafood.com\/en\/politica-de-envios-y-entregas\/#primaryimage"},"image":{"@id":"https:\/\/www.mgseafood.com\/en\/politica-de-envios-y-entregas\/#primaryimage"},"thumbnailUrl":"https:\/\/mgseafood.com\/wp-content\/uploads\/2025\/03\/MG-Sea-Food-Comercializacion-Internacional-de-Alimentos-4.webp","datePublished":"2025-03-10T22:20:22+00:00","dateModified":"2025-04-04T19:58:52+00:00","description":"En M&G Sea Food, ofrecemos env\u00edos internacionales a Colombia, Panam\u00e1, Estados Unidos, Ecuador y M\u00e9xico, garantizando que nuestros","breadcrumb":{"@id":"https:\/\/www.mgseafood.com\/en\/politica-de-envios-y-entregas\/#breadcrumb"},"inLanguage":"en-US","potentialAction":[{"@type":"ReadAction","target":["https:\/\/www.mgseafood.com\/en\/politica-de-envios-y-entregas\/"]}]},{"@type":"ImageObject","inLanguage":"en-US","@id":"https:\/\/www.mgseafood.com\/en\/politica-de-envios-y-entregas\/#primaryimage","url":"https:\/\/mgseafood.com\/wp-content\/uploads\/2025\/03\/MG-Sea-Food-Comercializacion-Internacional-de-Alimentos-4.webp","contentUrl":"https:\/\/mgseafood.com\/wp-content\/uploads\/2025\/03\/MG-Sea-Food-Comercializacion-Internacional-de-Alimentos-4.webp","width":1920,"height":845,"caption":"M&G Sea Food Comercializaci\u00f3n Internacional de Alimentos (4)"},{"@type":"BreadcrumbList","@id":"https:\/\/www.mgseafood.com\/en\/politica-de-envios-y-entregas\/#breadcrumb","itemListElement":[{"@type":"ListItem","position":1,"name":"Inicio","item":"https:\/\/mgseafood.com\/"},{"@type":"ListItem","position":2,"name":"Pol\u00edtica de Env\u00edos y Entregas"}]},{"@type":"WebSite","@id":"https:\/\/mgseafood.com\/#website","url":"https:\/\/mgseafood.com\/","name":"M&amp;G SEAFOOD | Comercializaci\u00f3n Internacional de Alimentos","description":"M&amp;G SEAFOOD comercializa camar\u00f3n, tilapia, basa y m\u00e1s, con altos est\u00e1ndares de calidad y distribuci\u00f3n en Colombia, Panam\u00e1, EE.UU., Ecuador y M\u00e9xico.","publisher":{"@id":"https:\/\/mgseafood.com\/#organization"},"potentialAction":[{"@type":"SearchAction","target":{"@type":"EntryPoint","urlTemplate":"https:\/\/mgseafood.com\/?s={search_term_string}"},"query-input":{"@type":"PropertyValueSpecification","valueRequired":true,"valueName":"search_term_string"}}],"inLanguage":"en-US"},{"@type":"Organization","@id":"https:\/\/mgseafood.com\/#organization","name":"M&G SEA FOOD","url":"https:\/\/mgseafood.com\/","logo":{"@type":"ImageObject","inLanguage":"en-US","@id":"https:\/\/mgseafood.com\/#\/schema\/logo\/image\/","url":"https:\/\/mgseafood.com\/wp-content\/uploads\/2025\/03\/mg-sea-food-logo.webp","contentUrl":"https:\/\/mgseafood.com\/wp-content\/uploads\/2025\/03\/mg-sea-food-logo.webp","width":350,"height":100,"caption":"M&G SEA FOOD"},"image":{"@id":"https:\/\/mgseafood.com\/#\/schema\/logo\/image\/"}}]}},"_links":{"self":[{"href":"https:\/\/mgseafood.com\/en\/wp-json\/wp\/v2\/pages\/31","targetHints":{"allow":["GET"]}}],"collection":[{"href":"https:\/\/mgseafood.com\/en\/wp-json\/wp\/v2\/pages"}],"about":[{"href":"https:\/\/mgseafood.com\/en\/wp-json\/wp\/v2\/types\/page"}],"author":[{"embeddable":true,"href":"https:\/\/mgseafood.com\/en\/wp-json\/wp\/v2\/users\/1"}],"replies":[{"embeddable":true,"href":"https:\/\/mgseafood.com\/en\/wp-json\/wp\/v2\/comments?post=31"}],"version-history":[{"count":17,"href":"https:\/\/mgseafood.com\/en\/wp-json\/wp\/v2\/pages\/31\/revisions"}],"predecessor-version":[{"id":555,"href":"https:\/\/mgseafood.com\/en\/wp-json\/wp\/v2\/pages\/31\/revisions\/555"}],"wp:featuredmedia":[{"embeddable":true,"href":"https:\/\/mgseafood.com\/en\/wp-json\/wp\/v2\/media\/219"}],"wp:attachment":[{"href":"https:\/\/mgseafood.com\/en\/wp-json\/wp\/v2\/media?parent=31"}],"curies":[{"name":"wp","href":"https:\/\/api.w.org\/{rel}","templated":true}]}}